{"id":9151,"date":"2018-01-04T21:36:32","date_gmt":"2018-01-04T20:36:32","guid":{"rendered":"http:\/\/www.ecurieorthezbearn.fr\/rallye\/?page_id=9151"},"modified":"2019-05-05T22:15:12","modified_gmt":"2019-05-05T20:15:12","slug":"le-championnat","status":"publish","type":"page","link":"https:\/\/www.ecurieorthezbearn.fr\/rallye\/le-championnat\/","title":{"rendered":"Le Championnat"},"content":{"rendered":"<p>Le Rallye Orthez B\u00e9arn est la 7\u00b0 (sur 11)\u00a0 manche du championnat de France des Rallyes Tout-Terrain.<\/p>\n<p>Le Rallye Orthez B\u00e9arn (R.O.B !!) compte pour le Championnat de France des Rallyes Tout-Terrain pour les pilotes et copilotes du groupe T1A (7\/11), le Troph\u00e9e Rallye 4&#215;4 pour les pilotes et copilotes des groupes T2, T2B et T2B+ (7\/11), le Challenge Rallye 2 roues motrices pour les pilotes et copilotes du groupe T1B (7\/11), le Challenge SSV pour les pilotes et copilotes du groupe SSV (7\/11), les Challenges de la ligue R\u00e9gional du Sport Automobile d\u2019Aquitaine pilotes et copilotes et le Championnat automobile pilotes et copilotes de la ligue R\u00e9gionale du Sport Automobile d\u2019Aquitaine.<\/p>\n<p style=\"text-align: center;\">Championnat 2019 : <a href=\"http:\/\/www.agoratt.fr\/classement-apres-derniere-epreuve\">Le Classement<\/a><\/p>\n<p>Le comit\u00e9 directeur de la FFSA a valid\u00e9 le calendrier 2019 du Championnat de France des Rallyes Tout-Terrain et devrait \u00eatre :<\/p>\n<p><span class=\"text_exposed_show\">Calendrier 2019<\/span><\/p>\n<p><span class=\"text_exposed_show\">Rallye des collines d&rsquo;Arzacq et du Soubestre\u00a0 01 mars au 03 mars<br \/>rallyedescollines.fr<\/span><\/p>\n<p><span class=\"text_exposed_show\"><br \/>Rallye du Labourd\u00a0 05 avril au 07 avril<br \/>www.rallyedulabourd.fr<\/span><\/p>\n<p><span class=\"text_exposed_show\"><br \/>Rallye Terre du Gatinais\u00a0 26 avril au 28 avril<br \/>rallyegatinais.fr<\/span><\/p>\n<p><span class=\"text_exposed_show\"><br \/>Rallye Jean de la Fontaine\u00a0 17 mai au 19 mai<br \/>rallyejeandelafontaine.fr<\/span><\/p>\n<p><span class=\"text_exposed_show\"><br \/>Rallye du Baretous\u00a0 07 juin au 09 juin<br \/>www.rallyedubaretous.fr<\/span><\/p>\n<p><span class=\"text_exposed_show\"><br \/>Rallye Orthez B\u00e9arn\u00a0 02 ao\u00fbt au 04 ao\u00fbt<br \/>www.ecurieorthezbearn.fr<\/span><\/p>\n<p><span class=\"text_exposed_show\">Rallye des Cimes 06 septembre au 08 septembre<br \/>www.ecuriedescimes.com<\/span><\/p>\n<p><span class=\"text_exposed_show\"> Rallye Dunes et Marais\u00a0 04 octobre au 06 octobre<br \/>www.dunesetmarais.com<\/span><\/p>\n<p><span class=\"text_exposed_show\"><br \/>Rallye des 7 Vall\u00e9es Artois\u00a0\u00a001 novembre au 03 novembre<\/span><\/p>\n<p><a href=\"http:\/\/www.rallye7valleesartois.com\/\" target=\"_blank\" rel=\"noopener noreferrer\">www.rallye7valleesartois.com<\/a><\/p>\n<p><span class=\"text_exposed_show\"><br \/>www.rallye7valleesartois.fr<\/span><\/p>\n<p><span class=\"text_exposed_show\"><br \/>Rallye Plaines et Vall\u00e9es\u00a0 22 novembre au 24 novembre<br \/><br \/><\/span><\/p>\n\n\n<p><\/p>\n","protected":false},"excerpt":{"rendered":"<p>Le Rallye Orthez B\u00e9arn est la 7\u00b0 (sur 11)\u00a0 manche du championnat de France des Rallyes Tout-Terrain. Le Rallye Orthez B\u00e9arn (R.O.B !!) compte pour le Championnat de France des Rallyes Tout-Terrain pour les pilotes et copilotes du groupe T1A (7\/11), le Troph\u00e9e Rallye 4&#215;4 pour les pilotes et copilotes des groupes T2, T2B et &hellip; <a href=\"https:\/\/www.ecurieorthezbearn.fr\/rallye\/le-championnat\/\" class=\"more-link\">Continuer la lecture de <span class=\"screen-reader-text\">Le Championnat<\/span>  <span class=\"meta-nav\">&rarr;<\/span><\/a><\/p>\n","protected":false},"author":6,"featured_media":0,"parent":0,"menu_order":0,"comment_status":"closed","ping_status":"closed","template":"","meta":{"footnotes":""},"_links":{"self":[{"href":"https:\/\/www.ecurieorthezbearn.fr\/rallye\/wp-json\/wp\/v2\/pages\/9151"}],"collection":[{"href":"https:\/\/www.ecurieorthezbearn.fr\/rallye\/wp-json\/wp\/v2\/pages"}],"about":[{"href":"https:\/\/www.ecurieorthezbearn.fr\/rallye\/wp-json\/wp\/v2\/types\/page"}],"author":[{"embeddable":true,"href":"https:\/\/www.ecurieorthezbearn.fr\/rallye\/wp-json\/wp\/v2\/users\/6"}],"replies":[{"embeddable":true,"href":"https:\/\/www.ecurieorthezbearn.fr\/rallye\/wp-json\/wp\/v2\/comments?post=9151"}],"version-history":[{"count":8,"href":"https:\/\/www.ecurieorthezbearn.fr\/rallye\/wp-json\/wp\/v2\/pages\/9151\/revisions"}],"predecessor-version":[{"id":9668,"href":"https:\/\/www.ecurieorthezbearn.fr\/rallye\/wp-json\/wp\/v2\/pages\/9151\/revisions\/9668"}],"wp:attachment":[{"href":"https:\/\/www.ecurieorthezbearn.fr\/rallye\/wp-json\/wp\/v2\/media?parent=9151"}],"curies":[{"name":"wp","href":"https:\/\/api.w.org\/{rel}","templated":true}]}}