{"id":9330,"date":"2018-01-07T23:39:32","date_gmt":"2018-01-07T22:39:32","guid":{"rendered":"http:\/\/www.ecurieorthezbearn.fr\/rallye\/?page_id=9330"},"modified":"2026-03-23T21:53:37","modified_gmt":"2026-03-23T20:53:37","slug":"liens","status":"publish","type":"page","link":"https:\/\/www.ecurieorthezbearn.fr\/rallye\/partenaires\/liens\/","title":{"rendered":"Liens"},"content":{"rendered":"<h1><\/h1>\n<h1 class=\"widget-title\">&#8211; l&rsquo;Ecurie sur Facebook &#8211;<\/h1>\n<p><a href=\"https:\/\/fr-fr.facebook.com\/Rallye-Orthez-B%C3%A9arn-1580834738839720\/\" target=\"_blank\" rel=\"noopener\"><img loading=\"lazy\" decoding=\"async\" class=\"alignnone wp-image-9399\" src=\"http:\/\/www.ecurieorthezbearn.fr\/rallye\/wp-content\/uploads\/2018\/01\/facebook-e1515945978853.png\" alt=\"\" width=\"50\" height=\"50\" \/>l&rsquo;Ecurie du ROB sur Facebook<\/a><\/p>\n<p><a href=\"https:\/\/www.ecurieorthezbearn.fr\/rallye\/logo-de-lecurie-orthez-bearn\/\" target=\"_blank\" rel=\"noopener\"><img loading=\"lazy\" decoding=\"async\" class=\"alignnone wp-image-10180 \" src=\"https:\/\/www.ecurieorthezbearn.fr\/rallye\/wp-content\/uploads\/2024\/06\/cropped-logo-ecurie-500x500.jpg\" alt=\"\" width=\"80\" height=\"80\" srcset=\"https:\/\/www.ecurieorthezbearn.fr\/rallye\/wp-content\/uploads\/2024\/06\/cropped-logo-ecurie-500x500.jpg 500w, https:\/\/www.ecurieorthezbearn.fr\/rallye\/wp-content\/uploads\/2024\/06\/cropped-logo-ecurie-128x128.jpg 128w, https:\/\/www.ecurieorthezbearn.fr\/rallye\/wp-content\/uploads\/2024\/06\/cropped-logo-ecurie-270x270.jpg 270w, https:\/\/www.ecurieorthezbearn.fr\/rallye\/wp-content\/uploads\/2024\/06\/cropped-logo-ecurie-192x192.jpg 192w, https:\/\/www.ecurieorthezbearn.fr\/rallye\/wp-content\/uploads\/2024\/06\/cropped-logo-ecurie-180x180.jpg 180w, https:\/\/www.ecurieorthezbearn.fr\/rallye\/wp-content\/uploads\/2024\/06\/cropped-logo-ecurie-32x32.jpg 32w, https:\/\/www.ecurieorthezbearn.fr\/rallye\/wp-content\/uploads\/2024\/06\/cropped-logo-ecurie.jpg 512w\" sizes=\"(max-width: 80px) 100vw, 80px\" \/>Le Logo de l&rsquo;Ecurie du Rallye Orthez B\u00e9arn<\/a><\/p>\n<p><a href=\"http:\/\/www.agoratt.fr\/\" target=\"_blank\" rel=\"noopener\"><img loading=\"lazy\" decoding=\"async\" class=\"alignleft wp-image-9440\" src=\"https:\/\/www.ecurieorthezbearn.fr\/rallye\/wp-content\/uploads\/2018\/01\/logo.bmp\" alt=\"\" width=\"120\" height=\"61\" \/><\/a><\/p>\n<h1 class=\"widget-title\">Comp\u00e9titions<\/h1>\n<ul class=\"xoxo blogroll\">\n<li><a href=\"http:\/\/www.ffsa.org\/championnats.php?theme=licencies&amp;&amp;p=121\" target=\"_blank\" rel=\"noopener\">Classements FFSA<\/a><\/li>\n<li><a title=\"Le forum Comp\u00e9tition Tout-Terrain en France\" href=\"http:\/\/rallyett.forumactif.com\/\" target=\"_blank\" rel=\"friend noopener\">Forum RallyeTT<\/a><\/li>\n<li><a title=\"D\u00e9but mars, le Rallye des Collines d\u2019Arzacq\" href=\"http:\/\/rallyedescollines.fr\/\" target=\"_blank\" rel=\"friend noopener\">D\u00e9but mars, le Rallye des Collines d\u2019Arzacq<\/a><\/li>\n<li><a title=\"D\u00e9but avril,le Rallye du Labourd\" href=\"http:\/\/www.rallyedulabourd.fr\" target=\"_blank\" rel=\"noopener\">D\u00e9but avril,le Rallye du Labourd<\/a><\/li>\n<li><a title=\"Fin avril, le Rallye du G\u00e2tinais\" href=\"http:\/\/www.rallyegatinais.fr\/\" target=\"_blank\" rel=\"friend noopener\">Fin avril, le Rallye du G\u00e2tinais<\/a><\/li>\n<li><a title=\"Mi mai, le Rallye Jean de la Fontaine\" href=\"http:\/\/rallyejeandelafontaine.fr\/index.php\/fr\/\" target=\"_blank\" rel=\"friend noopener\">Mi mai, le Rallye Jean de la Fontaine<\/a><\/li>\n<li><a title=\"D\u00e9but juin, le Rallye du Bar\u00e9tous\" href=\"http:\/\/www.rallyedubaretous.fr\" target=\"_blank\" rel=\"friend noopener\">D\u00e9but juin, le Rallye du Bar\u00e9tous<\/a><\/li>\n<li><a title=\"D\u00e9but juillet, le Rallye Gers Armagnac\" href=\"http:\/\/www.echappements-elusates.com\/\" target=\"_blank\" rel=\"friend noopener\">D\u00e9but juillet, le Rallye Gers Armagnac<\/a><\/li>\n<li><a title=\"D\u00e9but ao\u00fbt, le Rallye Orthez B\u00e9arn (le ROB !)\" href=\"http:\/\/www.ecurieorthezbearn.fr\/\" target=\"_blank\" rel=\"friend noopener\">D\u00e9but ao\u00fbt, le Rallye Orthez B\u00e9arn (le ROB !)<\/a><\/li>\n<li><a title=\"D\u00e9but septembre, le Rallye des Cimes\" href=\"http:\/\/www.rallyedescimes.com\/\" target=\"_blank\" rel=\"friend noopener\">D\u00e9but septembre, le Rallye des Cimes<\/a><\/li>\n<li><a title=\"D\u00e9but octobre, le Rallye Dunes et Marais\" href=\"http:\/\/www.dunesetmarais.com\/\" target=\"_blank\" rel=\"friend noopener\">D\u00e9but octobre, le Rallye Dunes et Marais<\/a><\/li>\n<li><a title=\"Fin octobre, le Rallye des 7 Vall\u00e9es Artois\" href=\"http:\/\/www.rallye7valleesartois.fr\/\" target=\"_blank\" rel=\"friend noopener\">Fin octobre, le Rallye des 7 Vall\u00e9es Artois<\/a><\/li>\n<li><a title=\"Fin novembre, le Rallye Plaines et Vall\u00e9es\" href=\"http:\/\/plaines-et-vallees.fr\/\" target=\"_blank\" rel=\"friend noopener\">Fin novembre, le Rallye Plaines et Vall\u00e9es<\/a><\/li>\n<\/ul>\n<h1 class=\"widget-title\">Incontournables<\/h1>\n<ul class=\"xoxo blogroll\">\n<li><a title=\"association des organisateurs de Rallye TT\" href=\"http:\/\/agoratt.fr\/\" target=\"_blank\" rel=\"friend noopener\">Agora TT<\/a><\/li>\n<li><a title=\"ASA C\u00f4te Basque\" href=\"http:\/\/asa-cotebasque.pagesperso-orange.fr\/\" target=\"_blank\" rel=\"friend noopener\">ASA C\u00f4te Basque<\/a><\/li>\n<li><a title=\"Association Sportive de l\u2019Automobile-Club Basco-B\u00e9arnais\" href=\"http:\/\/www.asac-bascobearnais.asso.fr\/\" target=\"_blank\" rel=\"friend noopener\">ASAC Basco-Bearnais<\/a><\/li>\n<li><a title=\"Bistrot (acc\u00e8s priv\u00e9 r\u00e9serv\u00e9 aux membres du club))\" href=\"http:\/\/www.ecurieorthezbearn.fr\/bistrot\/index.php\" target=\"_blank\" rel=\"friend noopener\">Bistrot d&rsquo;Orthez<\/a><\/li>\n<li><a title=\"Comit\u00e9 du Sport Automobile d\u2019Aquitaine\" href=\"http:\/\/sport.auto.aquitaine.free.fr\/\" target=\"_blank\" rel=\"friend noopener\">Comit\u00e9 Aquitaine<\/a><\/li>\n<li><a title=\"FFSA \u2013 F\u00e9d\u00e9ration Fran\u00e7aise du Sport Automobile\" href=\"http:\/\/www.ffsa.org\" target=\"_blank\" rel=\"friend noopener\">FFSA<\/a><\/li>\n<li><a title=\"La reglementation TT FIA, en fran\u00e7ais\" href=\"http:\/\/www.fia.com\/fr-FR\/sport\/regulations\/Pages\/FIACross-CountryRallies.aspx\" target=\"_blank\" rel=\"noopener\">FIA TT<\/a><\/li>\n<\/ul>\n<h1 class=\"widget-title\">Indispensables<\/h1>\n<ul class=\"xoxo blogroll\">\n<li><a title=\"Office de tourisme du B\u00e9arn des Gaves\" href=\"http:\/\/www.tourisme-bearn-gaves.com\/\" target=\"_blank\" rel=\"acquaintance noopener\">Office de tourisme du B\u00e9arn des Gaves<\/a><\/li>\n<li><a title=\"La Mairie d\u2019Orthez\" href=\"http:\/\/www.mairie-orthez.fr\/\" target=\"_blank\" rel=\"friend noopener\">La Mairie d\u2019Orthez<\/a><\/li>\n<\/ul>\n<h1 class=\"widget-title\">Les amis<\/h1>\n<ul class=\"xoxo blogroll\">\n<li><a title=\"Tout le sport automobile en Midi-Pyr\u00e9n\u00e9es et en B\u00e9arn\" href=\"http:\/\/www.actumecanique.fr\/\" target=\"_blank\" rel=\"friend noopener\">ActuMeca<\/a><\/li>\n<li><a title=\"De superbes photographies !\" href=\"http:\/\/www.rallye-tt-adonf.com\/\" target=\"_blank\" rel=\"noopener\">Fane, A donf<\/a><\/li>\n<li><a title=\"Flashtoutterrain, un excellent site\" href=\"http:\/\/flashtoutterrain.free.fr\/index.php\" target=\"_blank\" rel=\"friend noopener\">FlashToutTerrain<\/a><\/li>\n<li><a title=\"L\u2019info des Sports M\u00e9caniques en direct, par Marie-France ESTENAVE\" href=\"http:\/\/www.mfe-live.com\" target=\"_blank\" rel=\"noopener\">MFE en live<\/a><\/li>\n<li><a title=\" La passion du sport automobile Tout-Terrain en haute d\u00e9finition.\" href=\"http:\/\/www.mpvrace.com\/\" target=\"_blank\" rel=\"noopener\">MPV Race<\/a><\/li>\n<li><a title=\"La famille Omnes\" href=\"http:\/\/passion.tout-terrain.pagesperso-orange.fr\/\" target=\"_blank\" rel=\"noopener\">Team des Omnes<\/a><\/li>\n<\/ul>\n","protected":false},"excerpt":{"rendered":"<p>&#8211; l&rsquo;Ecurie sur Facebook &#8211; l&rsquo;Ecurie du ROB sur Facebook Le Logo de l&rsquo;Ecurie du Rallye Orthez B\u00e9arn Comp\u00e9titions Classements FFSA Forum RallyeTT D\u00e9but mars, le Rallye des Collines d\u2019Arzacq D\u00e9but avril,le Rallye du Labourd Fin avril, le Rallye du G\u00e2tinais Mi mai, le Rallye Jean de la Fontaine D\u00e9but juin, le Rallye du Bar\u00e9tous &hellip; <a href=\"https:\/\/www.ecurieorthezbearn.fr\/rallye\/partenaires\/liens\/\" class=\"more-link\">Continuer la lecture de <span class=\"screen-reader-text\">Liens<\/span>  <span class=\"meta-nav\">&rarr;<\/span><\/a><\/p>\n","protected":false},"author":6,"featured_media":0,"parent":9152,"menu_order":2,"comment_status":"closed","ping_status":"closed","template":"","meta":{"footnotes":""},"_links":{"self":[{"href":"https:\/\/www.ecurieorthezbearn.fr\/rallye\/wp-json\/wp\/v2\/pages\/9330"}],"collection":[{"href":"https:\/\/www.ecurieorthezbearn.fr\/rallye\/wp-json\/wp\/v2\/pages"}],"about":[{"href":"https:\/\/www.ecurieorthezbearn.fr\/rallye\/wp-json\/wp\/v2\/types\/page"}],"author":[{"embeddable":true,"href":"https:\/\/www.ecurieorthezbearn.fr\/rallye\/wp-json\/wp\/v2\/users\/6"}],"replies":[{"embeddable":true,"href":"https:\/\/www.ecurieorthezbearn.fr\/rallye\/wp-json\/wp\/v2\/comments?post=9330"}],"version-history":[{"count":19,"href":"https:\/\/www.ecurieorthezbearn.fr\/rallye\/wp-json\/wp\/v2\/pages\/9330\/revisions"}],"predecessor-version":[{"id":10317,"href":"https:\/\/www.ecurieorthezbearn.fr\/rallye\/wp-json\/wp\/v2\/pages\/9330\/revisions\/10317"}],"up":[{"embeddable":true,"href":"https:\/\/www.ecurieorthezbearn.fr\/rallye\/wp-json\/wp\/v2\/pages\/9152"}],"wp:attachment":[{"href":"https:\/\/www.ecurieorthezbearn.fr\/rallye\/wp-json\/wp\/v2\/media?parent=9330"}],"curies":[{"name":"wp","href":"https:\/\/api.w.org\/{rel}","templated":true}]}}