{"id":9454,"date":"2018-04-02T16:53:34","date_gmt":"2018-04-02T14:53:34","guid":{"rendered":"https:\/\/www.ecurieorthezbearn.fr\/rallye\/?page_id=9454"},"modified":"2025-07-21T22:14:31","modified_gmt":"2025-07-21T20:14:31","slug":"contact","status":"publish","type":"page","link":"https:\/\/www.ecurieorthezbearn.fr\/rallye\/contact\/","title":{"rendered":"Contact"},"content":{"rendered":"<p><img loading=\"lazy\" decoding=\"async\" class=\"alignnone  wp-image-10179\" src=\"https:\/\/www.ecurieorthezbearn.fr\/rallye\/wp-content\/uploads\/2024\/06\/logo-ecurie-500x500.jpg\" alt=\"\" width=\"256\" height=\"256\" srcset=\"https:\/\/www.ecurieorthezbearn.fr\/rallye\/wp-content\/uploads\/2024\/06\/logo-ecurie-500x500.jpg 500w, https:\/\/www.ecurieorthezbearn.fr\/rallye\/wp-content\/uploads\/2024\/06\/logo-ecurie-128x128.jpg 128w, https:\/\/www.ecurieorthezbearn.fr\/rallye\/wp-content\/uploads\/2024\/06\/logo-ecurie.jpg 640w\" sizes=\"(max-width: 256px) 100vw, 256px\" \/><\/p>\n<p style=\"text-align: left;\"><strong>Pour nous contacter,<\/strong><\/p>\n<p style=\"text-align: left;\"><strong>l&rsquo;adresse de courriel du pr\u00e9sident :<\/strong><\/p>\n<p style=\"text-align: left;\"><strong>Adrien Elbounia<br \/>\n<\/strong><br \/>\n<strong>ou l&rsquo;administrateur du site :<\/strong><br \/>\n<strong>Bruno Schrijvers : schrijvers.br@gmail.com<\/strong><\/p>\n<p style=\"text-align: left;\"><strong> Une r\u00e9ponse vous sera faite d\u00e8s que possible.<\/strong><\/p>\n<p><strong>Sportivement,<br \/>\nL&rsquo;\u00e9quipe.<\/strong><\/p>\n","protected":false},"excerpt":{"rendered":"<p>Pour nous contacter, l&rsquo;adresse de courriel du pr\u00e9sident : Adrien Elbounia ou l&rsquo;administrateur du site : Bruno Schrijvers : schrijvers.br@gmail.com Une r\u00e9ponse vous sera faite d\u00e8s que possible. Sportivement, L&rsquo;\u00e9quipe.<\/p>\n","protected":false},"author":6,"featured_media":0,"parent":0,"menu_order":0,"comment_status":"closed","ping_status":"closed","template":"","meta":{"footnotes":""},"_links":{"self":[{"href":"https:\/\/www.ecurieorthezbearn.fr\/rallye\/wp-json\/wp\/v2\/pages\/9454"}],"collection":[{"href":"https:\/\/www.ecurieorthezbearn.fr\/rallye\/wp-json\/wp\/v2\/pages"}],"about":[{"href":"https:\/\/www.ecurieorthezbearn.fr\/rallye\/wp-json\/wp\/v2\/types\/page"}],"author":[{"embeddable":true,"href":"https:\/\/www.ecurieorthezbearn.fr\/rallye\/wp-json\/wp\/v2\/users\/6"}],"replies":[{"embeddable":true,"href":"https:\/\/www.ecurieorthezbearn.fr\/rallye\/wp-json\/wp\/v2\/comments?post=9454"}],"version-history":[{"count":4,"href":"https:\/\/www.ecurieorthezbearn.fr\/rallye\/wp-json\/wp\/v2\/pages\/9454\/revisions"}],"predecessor-version":[{"id":10279,"href":"https:\/\/www.ecurieorthezbearn.fr\/rallye\/wp-json\/wp\/v2\/pages\/9454\/revisions\/10279"}],"wp:attachment":[{"href":"https:\/\/www.ecurieorthezbearn.fr\/rallye\/wp-json\/wp\/v2\/media?parent=9454"}],"curies":[{"name":"wp","href":"https:\/\/api.w.org\/{rel}","templated":true}]}}